{"id":44,"date":"2020-10-22T12:13:14","date_gmt":"2020-10-22T10:13:14","guid":{"rendered":"https:\/\/leszomslibres.ch\/index.php\/info\/"},"modified":"2020-11-04T22:37:18","modified_gmt":"2020-11-04T21:37:18","slug":"info","status":"publish","type":"page","link":"https:\/\/leszomslibres.ch\/index.php\/info\/","title":{"rendered":"Info"},"content":{"rendered":"\n    \n    <section class=\"u-clearfix u-image u-valign-middle-lg u-section-2\" id=\"carousel_5443\">\n      <div class=\"u-palette-3-base u-shape u-shape-circle u-shape-1\"><\/div>\n      <div class=\"u-clearfix u-layout-wrap u-layout-wrap-1\">\n        <div class=\"u-layout\">\n          <div class=\"u-layout-row\">\n            <div class=\"u-align-left u-container-style u-layout-cell u-left-cell u-size-26 u-layout-cell-1\">\n              <div class=\"u-container-layout u-container-layout-1\">\n                <div class=\"u-border-6 u-border-black u-line u-line-horizontal u-line-1\"><\/div>\n                <h1 class=\"u-custom-font u-font-raleway u-text u-title u-text-1\">Comment \u00e7a se passe ?<\/h1>\n                <p class=\"u-text u-text-2\"> Quelques explications sur notre approche :<br>\n                <\/p>\n              <\/div>\n            <\/div>\n            <div class=\"u-container-style u-image u-layout-cell u-right-cell u-size-34 u-image-1\" data-image-width=\"1600\" data-image-height=\"1059\">\n              <div class=\"u-container-layout u-container-layout-2\"><\/div>\n            <\/div>\n          <\/div>\n        <\/div>\n      <\/div>\n    <\/section>\n    <section class=\"u-align-left u-clearfix u-grey-10 u-valign-middle-md u-valign-middle-sm u-valign-middle-xl u-valign-middle-xs u-section-3\" id=\"carousel_8fb6\">\n      <div class=\"u-custom-color-2 u-shape u-shape-rectangle u-shape-1\"><\/div>\n      <div class=\"u-align-left u-container-style u-group u-group-1\">\n        <div class=\"u-container-layout u-valign-bottom-lg u-valign-bottom-xl u-container-layout-1\">\n          <h2 class=\"u-text u-text-1\">Sa lumi\u00e8re chasse toute t\u00e9n\u00e8bre.<\/h2>\n          <p class=\"u-text u-text-2\">Notre but est de nous rapprocher de J\u00e9sus-Christ.<br>Il est la lumi\u00e8re du monde (Jean 8.12).<br>Seule Sa lumi\u00e8re peut chasser toute t\u00e9n\u00e8bre.<br>\n            <br>Nous croyons que Christ accueille tous ceux qui viennent \u00e0 Lui, et donc nous aussi voulons accueillir tous ceux qui souhaitent se d\u00e9barrasser de la pornographie, quel que soit leur arri\u00e8re-plan. \n          <\/p>\n          <a href=\"https:\/\/leszomslibres.ch\/index.php\/inscription\/\" class=\"u-btn u-button-style u-palette-3-base u-btn-1\">Je m'inscris<\/a>\n        <\/div>\n      <\/div>\n      <div class=\"u-clearfix u-gutter-30 u-layout-wrap u-layout-wrap-1\">\n        <div class=\"u-gutter-0 u-layout\">\n          <div class=\"u-layout-row\">\n            <div class=\"u-size-30\">\n              <div class=\"u-layout-col\">\n                <div class=\"u-align-left u-container-style u-layout-cell u-right-cell u-size-20 u-size-30-md u-white u-layout-cell-1\">\n                  <div class=\"u-container-layout u-valign-middle u-container-layout-2\"><span class=\"u-icon u-icon-circle u-palette-4-base u-spacing-16 u-icon-1\"><svg class=\"u-svg-link\" preserveAspectRatio=\"xMidYMin slice\" viewBox=\"0 0 55 55\" style=\"\"><use xmlns:xlink=\"http:\/\/www.w3.org\/1999\/xlink\" xlink:href=\"#svg-9cae\"><\/use><\/svg><svg xmlns=\"http:\/\/www.w3.org\/2000\/svg\" xmlns:xlink=\"http:\/\/www.w3.org\/1999\/xlink\" version=\"1.1\" xml:space=\"preserve\" class=\"u-svg-content\" viewBox=\"0 0 55 55\" x=\"0px\" y=\"0px\" id=\"svg-9cae\" style=\"enable-background:new 0 0 55 55;\"><path d=\"M55,27.5C55,12.337,42.663,0,27.5,0S0,12.337,0,27.5c0,8.009,3.444,15.228,8.926,20.258l-0.026,0.023l0.892,0.752\n\tc0.058,0.049,0.121,0.089,0.179,0.137c0.474,0.393,0.965,0.766,1.465,1.127c0.162,0.117,0.324,0.234,0.489,0.348\n\tc0.534,0.368,1.082,0.717,1.642,1.048c0.122,0.072,0.245,0.142,0.368,0.212c0.613,0.349,1.239,0.678,1.88,0.98\n\tc0.047,0.022,0.095,0.042,0.142,0.064c2.089,0.971,4.319,1.684,6.651,2.105c0.061,0.011,0.122,0.022,0.184,0.033\n\tc0.724,0.125,1.456,0.225,2.197,0.292c0.09,0.008,0.18,0.013,0.271,0.021C25.998,54.961,26.744,55,27.5,55\n\tc0.749,0,1.488-0.039,2.222-0.098c0.093-0.008,0.186-0.013,0.279-0.021c0.735-0.067,1.461-0.164,2.178-0.287\n\tc0.062-0.011,0.125-0.022,0.187-0.034c2.297-0.412,4.495-1.109,6.557-2.055c0.076-0.035,0.153-0.068,0.229-0.104\n\tc0.617-0.29,1.22-0.603,1.811-0.936c0.147-0.083,0.293-0.167,0.439-0.253c0.538-0.317,1.067-0.648,1.581-1\n\tc0.185-0.126,0.366-0.259,0.549-0.391c0.439-0.316,0.87-0.642,1.289-0.983c0.093-0.075,0.193-0.14,0.284-0.217l0.915-0.764\n\tl-0.027-0.023C51.523,42.802,55,35.55,55,27.5z M2,27.5C2,13.439,13.439,2,27.5,2S53,13.439,53,27.5\n\tc0,7.577-3.325,14.389-8.589,19.063c-0.294-0.203-0.59-0.385-0.893-0.537l-8.467-4.233c-0.76-0.38-1.232-1.144-1.232-1.993v-2.957\n\tc0.196-0.242,0.403-0.516,0.617-0.817c1.096-1.548,1.975-3.27,2.616-5.123c1.267-0.602,2.085-1.864,2.085-3.289v-3.545\n\tc0-0.867-0.318-1.708-0.887-2.369v-4.667c0.052-0.519,0.236-3.448-1.883-5.864C34.524,9.065,31.541,8,27.5,8\n\ts-7.024,1.065-8.867,3.168c-2.119,2.416-1.935,5.345-1.883,5.864v4.667c-0.568,0.661-0.887,1.502-0.887,2.369v3.545\n\tc0,1.101,0.494,2.128,1.34,2.821c0.81,3.173,2.477,5.575,3.093,6.389v2.894c0,0.816-0.445,1.566-1.162,1.958l-7.907,4.313\n\tc-0.252,0.137-0.502,0.297-0.752,0.476C5.276,41.792,2,35.022,2,27.5z M42.459,48.132c-0.35,0.254-0.706,0.5-1.067,0.735\n\tc-0.166,0.108-0.331,0.216-0.5,0.321c-0.472,0.292-0.952,0.57-1.442,0.83c-0.108,0.057-0.217,0.111-0.326,0.167\n\tc-1.126,0.577-2.291,1.073-3.488,1.476c-0.042,0.014-0.084,0.029-0.127,0.043c-0.627,0.208-1.262,0.393-1.904,0.552\n\tc-0.002,0-0.004,0.001-0.006,0.001c-0.648,0.16-1.304,0.293-1.964,0.402c-0.018,0.003-0.036,0.007-0.054,0.01\n\tc-0.621,0.101-1.247,0.174-1.875,0.229c-0.111,0.01-0.222,0.017-0.334,0.025C28.751,52.97,28.127,53,27.5,53\n\tc-0.634,0-1.266-0.031-1.895-0.078c-0.109-0.008-0.218-0.015-0.326-0.025c-0.634-0.056-1.265-0.131-1.89-0.233\n\tc-0.028-0.005-0.056-0.01-0.084-0.015c-1.322-0.221-2.623-0.546-3.89-0.971c-0.039-0.013-0.079-0.027-0.118-0.04\n\tc-0.629-0.214-1.251-0.451-1.862-0.713c-0.004-0.002-0.009-0.004-0.013-0.006c-0.578-0.249-1.145-0.525-1.705-0.816\n\tc-0.073-0.038-0.147-0.074-0.219-0.113c-0.511-0.273-1.011-0.568-1.504-0.876c-0.146-0.092-0.291-0.185-0.435-0.279\n\tc-0.454-0.297-0.902-0.606-1.338-0.933c-0.045-0.034-0.088-0.07-0.133-0.104c0.032-0.018,0.064-0.036,0.096-0.054l7.907-4.313\n\tc1.36-0.742,2.205-2.165,2.205-3.714l-0.001-3.602l-0.23-0.278c-0.022-0.025-2.184-2.655-3.001-6.216l-0.091-0.396l-0.341-0.221\n\tc-0.481-0.311-0.769-0.831-0.769-1.392v-3.545c0-0.465,0.197-0.898,0.557-1.223l0.33-0.298v-5.57l-0.009-0.131\n\tc-0.003-0.024-0.298-2.429,1.396-4.36C21.583,10.837,24.061,10,27.5,10c3.426,0,5.896,0.83,7.346,2.466\n\tc1.692,1.911,1.415,4.361,1.413,4.381l-0.009,5.701l0.33,0.298c0.359,0.324,0.557,0.758,0.557,1.223v3.545\n\tc0,0.713-0.485,1.36-1.181,1.575l-0.497,0.153l-0.16,0.495c-0.59,1.833-1.43,3.526-2.496,5.032c-0.262,0.37-0.517,0.698-0.736,0.949\n\tl-0.248,0.283V39.8c0,1.612,0.896,3.062,2.338,3.782l8.467,4.233c0.054,0.027,0.107,0.055,0.16,0.083\n\tC42.677,47.979,42.567,48.054,42.459,48.132z\"><\/path><\/svg><\/span>\n                    <h4 class=\"u-custom-font u-font-oswald u-text u-text-default u-text-3\">Ne plus \u00eatre seul<\/h4>\n                    <p class=\"u-text u-text-default u-text-grey-50 u-text-4\">Tu ne peux pas t'en sortir seul !<br>Pour ce genre de difficult\u00e9s, un livre ou un cours donne peu de r\u00e9sultat. Tu as besoin d'\u00eatre accompagn\u00e9, soutenu, encourag\u00e9. \n                    <\/p>\n                  <\/div>\n                <\/div>\n                <div class=\"u-align-left u-container-style u-layout-cell u-right-cell u-size-20 u-size-30-md u-white u-layout-cell-2\">\n                  <div class=\"u-container-layout u-valign-middle u-container-layout-3\"><span class=\"u-icon u-icon-circle u-palette-3-base u-spacing-16 u-text-body-alt-color u-icon-2\"><svg class=\"u-svg-link\" preserveAspectRatio=\"xMidYMin slice\" viewBox=\"0 0 59.2 59.2\" style=\"\"><use xmlns:xlink=\"http:\/\/www.w3.org\/1999\/xlink\" xlink:href=\"#svg-05c4\"><\/use><\/svg><svg xmlns=\"http:\/\/www.w3.org\/2000\/svg\" xmlns:xlink=\"http:\/\/www.w3.org\/1999\/xlink\" version=\"1.1\" xml:space=\"preserve\" class=\"u-svg-content\" viewBox=\"0 0 59.2 59.2\" x=\"0px\" y=\"0px\" id=\"svg-05c4\" style=\"enable-background:new 0 0 59.2 59.2;\"><g><path d=\"M51.062,21.561c-5.759-5.759-13.416-8.931-21.561-8.931S13.7,15.801,7.941,21.561L0,29.501l8.138,8.138   c5.759,5.759,13.416,8.931,21.561,8.931s15.802-3.171,21.561-8.931l7.941-7.941L51.062,21.561z M49.845,36.225   c-5.381,5.381-12.536,8.345-20.146,8.345s-14.765-2.963-20.146-8.345l-6.724-6.724l6.527-6.527   c5.381-5.381,12.536-8.345,20.146-8.345s14.765,2.963,20.146,8.345l6.724,6.724L49.845,36.225z\"><\/path><path d=\"M29.572,16.57c-7.168,0-13,5.832-13,13s5.832,13,13,13s13-5.832,13-13S36.741,16.57,29.572,16.57z M29.572,24.57   c-2.757,0-5,2.243-5,5c0,0.552-0.448,1-1,1s-1-0.448-1-1c0-3.86,3.14-7,7-7c0.552,0,1,0.448,1,1S30.125,24.57,29.572,24.57z\"><\/path>\n<\/g><\/svg><\/span>\n                    <h4 class=\"u-custom-font u-font-oswald u-text u-text-default u-text-5\">Confidentialit\u00e9<\/h4>\n                    <p class=\"u-text u-text-default u-text-grey-50 u-text-6\">Ce qui se dit dans le groupe reste dans le groupe.<br>Chacun s'engage \u00e0 garder confidentiel ce qu'il entend, et qui il voit dans le groupe. \n                    <\/p>\n                  <\/div>\n                <\/div>\n                <div class=\"u-container-style u-hidden-sm u-hidden-xs u-layout-cell u-right-cell u-size-20 u-size-60-md u-layout-cell-3\">\n                  <div class=\"u-container-layout u-container-layout-4\"><\/div>\n                <\/div>\n              <\/div>\n            <\/div>\n            <div class=\"u-size-30\">\n              <div class=\"u-layout-col\">\n                <div class=\"u-container-style u-hidden-sm u-hidden-xs u-layout-cell u-left-cell u-size-20 u-size-30-md u-layout-cell-4\">\n                  <div class=\"u-container-layout u-container-layout-5\"><\/div>\n                <\/div>\n                <div class=\"u-align-left u-container-style u-layout-cell u-left-cell u-size-20 u-size-30-md u-white u-layout-cell-5\">\n                  <div class=\"u-container-layout u-valign-middle u-container-layout-6\"><span class=\"u-icon u-icon-circle u-palette-1-base u-spacing-16 u-icon-3\"><svg class=\"u-svg-link\" preserveAspectRatio=\"xMidYMin slice\" viewBox=\"0 0 56 56\" style=\"\"><use xmlns:xlink=\"http:\/\/www.w3.org\/1999\/xlink\" xlink:href=\"#svg-efdb\"><\/use><\/svg><svg xmlns=\"http:\/\/www.w3.org\/2000\/svg\" xmlns:xlink=\"http:\/\/www.w3.org\/1999\/xlink\" version=\"1.1\" xml:space=\"preserve\" class=\"u-svg-content\" viewBox=\"0 0 56 56\" x=\"0px\" y=\"0px\" id=\"svg-efdb\" style=\"enable-background:new 0 0 56 56;\"><path d=\"M25,46H10.845C4.865,46,0,41.135,0,35.154C0,31,2.705,26.688,6.433,24.901L7,24.63V24c0-0.127,0.008-0.256,0.015-0.386\n\tl0.009-0.16l-0.012-0.21C7.006,23.163,7,23.082,7,23c0-3.859,3.141-7,7-7c0.309,0,0.614,0.027,0.917,0.067\n\tc0.078,0.01,0.156,0.023,0.233,0.036c0.267,0.044,0.53,0.102,0.789,0.177c0.035,0.01,0.071,0.017,0.106,0.027\n\tc0.285,0.087,0.563,0.197,0.835,0.321c0.071,0.032,0.14,0.067,0.21,0.101c0.24,0.119,0.475,0.249,0.702,0.396\n\tC19.719,18.373,21,20.538,21,23c0,0.553,0.447,1,1,1s1-0.447,1-1c0-2.754-1.246-5.219-3.2-6.871C22.667,12.379,27.388,10,32.085,10\n\tc7.745,0,14.177,6.135,14.848,13.888c-1.022-0.072-2.552-0.109-4.083,0.124c-0.546,0.083-0.921,0.593-0.838,1.139\n\tc0.075,0.495,0.501,0.85,0.987,0.85c0.05,0,0.101-0.004,0.151-0.012c2.227-0.337,4.548-0.021,4.684-0.002\n\tC52.49,26.872,56,31.161,56,35.972C56,41.501,51.501,46,45.972,46H33H25z\"><\/path><\/svg><\/span>\n                    <h4 class=\"u-custom-font u-font-oswald u-text u-text-default u-text-7\">Sortir de l'ombre<\/h4>\n                    <p class=\"u-text u-text-default u-text-grey-50 u-text-8\">Oser parler.<br>Oser se faire conna\u00eetre.<br>A ton rythme, \u00e0 ta mani\u00e8re.<br>Les moisissures poussent \u00e0 l'ombre. Viens \u00e0 la lumi\u00e8re ! \n                    <\/p>\n                  <\/div>\n                <\/div>\n                <div class=\"u-align-left u-container-style u-layout-cell u-left-cell u-size-20 u-size-60-md u-white u-layout-cell-6\">\n                  <div class=\"u-container-layout u-valign-middle u-container-layout-7\"><span class=\"u-icon u-icon-circle u-palette-2-base u-spacing-16 u-icon-4\"><svg class=\"u-svg-link\" preserveAspectRatio=\"xMidYMin slice\" viewBox=\"0 0 54.391 54.391\" style=\"\"><use xmlns:xlink=\"http:\/\/www.w3.org\/1999\/xlink\" xlink:href=\"#svg-30f2\"><\/use><\/svg><svg xmlns=\"http:\/\/www.w3.org\/2000\/svg\" xmlns:xlink=\"http:\/\/www.w3.org\/1999\/xlink\" version=\"1.1\" xml:space=\"preserve\" class=\"u-svg-content\" viewBox=\"0 0 54.391 54.391\" x=\"0px\" y=\"0px\" id=\"svg-30f2\" style=\"enable-background:new 0 0 54.391 54.391;\"><g><polygon points=\"0.285,19.392 24.181,49.057 13.342,19.392  \"><\/polygon><polygon points=\"15.472,19.392 27.02,50.998 38.795,19.392  \"><\/polygon><polygon points=\"29.593,49.823 54.105,19.392 40.929,19.392  \"><\/polygon><polygon points=\"44.755,3.392 29.297,3.392 39.896,16.437  \"><\/polygon><polygon points=\"38.094,17.392 27.195,3.979 16.297,17.392  \"><\/polygon><polygon points=\"25.094,3.392 9.625,3.392 14.424,16.525  \"><\/polygon><polygon points=\"7.959,4.658 0,17.392 12.611,17.392  \"><\/polygon><polygon points=\"54.391,17.392 46.424,4.645 41.674,17.392  \"><\/polygon>\n<\/g><\/svg><\/span>\n                    <h4 class=\"u-custom-font u-font-oswald u-text u-text-default u-text-9\">Respect<\/h4>\n                    <p class=\"u-text u-text-default u-text-grey-50 u-text-10\">L'accompagnant veille \u00e0 ce que chacun ait un temps de parole, et \u00e0 ce que chacun soit respect\u00e9 et non jug\u00e9.<\/p>\n                  <\/div>\n                <\/div>\n              <\/div>\n            <\/div>\n          <\/div>\n        <\/div>\n      <\/div>\n    <\/section>\n    <section class=\"u-clearfix u-grey-10 u-section-4\" id=\"carousel_77b0\">\n      <div class=\"u-palette-3-base u-shape u-shape-rectangle u-shape-1\"><\/div>\n      <div class=\"u-clearfix u-layout-wrap u-layout-wrap-1\">\n        <div class=\"u-layout\">\n          <div class=\"u-layout-row\">\n            <div class=\"u-align-left u-container-style u-image u-layout-cell u-left-cell u-size-30 u-image-1\">\n              <div class=\"u-container-layout u-container-layout-1\"><\/div>\n            <\/div>\n            <div class=\"u-container-style u-layout-cell u-right-cell u-size-30 u-layout-cell-2\">\n              <div class=\"u-container-layout u-valign-bottom-lg u-valign-bottom-xl u-valign-top-md u-valign-top-sm u-valign-top-xs u-container-layout-2\">\n                <p class=\"u-custom-font u-heading-font u-text u-text-1\">En bonus : un livret avec des pistes, des conseils, des outils pour t'aider \u00e0 comprendre les racines du probl\u00e8me, et comment les traiter.<\/p>\n                <a href=\"https:\/\/leszomslibres.ch\/index.php\/inscription\/\" class=\"u-btn u-button-style u-custom-color-2 u-btn-1\">Je m'inscris<\/a>\n              <\/div>\n            <\/div>\n          <\/div>\n        <\/div>\n      <\/div>\n      <div class=\"u-palette-3-base u-shape u-shape-circle u-shape-2\"><\/div>\n      <div class=\"u-clearfix u-layout-wrap u-layout-wrap-2\">\n        <div class=\"u-layout\">\n          <div class=\"u-layout-row\">\n            <div class=\"u-container-style u-layout-cell u-left-cell u-size-37-md u-size-37-sm u-size-37-xs u-size-43-lg u-size-43-xl u-layout-cell-3\">\n              <div class=\"u-container-layout u-container-layout-3\">\n                <p class=\"u-custom-font u-heading-font u-text u-text-2\"><b>Dans le concret :<\/b>\n                  <br>- Une r\u00e9union Zoom par semaine<br>- Dur\u00e9e : une heure<br>- Au maximum 6 participants<br>- Chacun a un temps de parole, pour partager l\u00e0 o\u00f9 il en est, ses succ\u00e8s, ses \u00e9checs<br>- Tu es libre de dire ce que tu veux<br>- L'accompagnant donne un bref retour, et prie pour chacun, apr\u00e8s leur partage<br>- On te demande d'enclencher ta cam\u00e9ra, mais tu peux ne mettre que ton pr\u00e9nom<br>- Nous avons connu la d\u00e9pendance \u00e0 la pornographie. Donc nous ne venons pas juste avec des belles th\u00e9ories, et nous n'allons pas te juger.<br>\n                  <br>\n                <\/p>\n                <a href=\"https:\/\/leszomslibres.ch\/index.php\/inscription\/\" class=\"u-btn u-button-style u-custom-color-2 u-btn-2\">Je m'inscris<\/a>\n              <\/div>\n            <\/div>\n            <div class=\"u-align-left u-container-style u-layout-cell u-right-cell u-size-17-lg u-size-17-xl u-size-23-md u-size-23-sm u-size-23-xs u-layout-cell-4\">\n              <div class=\"u-container-layout u-container-layout-4\">\n                <img decoding=\"async\" class=\"u-expand-resize u-expanded-width-lg u-expanded-width-md u-expanded-width-sm u-expanded-width-xs u-image u-image-2\" src=\"https:\/\/leszomslibres.ch\/wp-content\/uploads\/2020\/10\/53e4dd474c55a414f6da8c7dda793678153bdee757596c48732f78d59e4cc75db0_1280.png\" data-image-width=\"1280\" data-image-height=\"1280\">\n              <\/div>\n            <\/div>\n          <\/div>\n        <\/div>\n      <\/div>\n    <\/section>\n    \n    \n  \n","protected":false},"excerpt":{"rendered":"<p>Comment \u00e7a se passe ? Quelques explications sur notre approche : Sa lumi\u00e8re chasse toute t\u00e9n\u00e8bre. Notre but est de nous rapprocher de J\u00e9sus-Christ.Il est la lumi\u00e8re du monde (Jean 8.12).Seule Sa lumi\u00e8re peut chasser toute t\u00e9n\u00e8bre. Nous croyons que Christ accueille tous ceux qui viennent \u00e0 Lui, et donc nous aussi voulons accueillir tous &hellip; <a href=\"https:\/\/leszomslibres.ch\/index.php\/info\/\" class=\"more-link\">Continue reading<span class=\"screen-reader-text\"> \u00ab\u00a0Info\u00a0\u00bb<\/span><\/a><\/p>\n","protected":false},"author":1,"featured_media":0,"parent":0,"menu_order":4,"comment_status":"closed","ping_status":"closed","template":"","meta":{"footnotes":""},"class_list":["post-44","page","type-page","status-publish","hentry"],"_links":{"self":[{"href":"https:\/\/leszomslibres.ch\/index.php\/wp-json\/wp\/v2\/pages\/44","targetHints":{"allow":["GET"]}}],"collection":[{"href":"https:\/\/leszomslibres.ch\/index.php\/wp-json\/wp\/v2\/pages"}],"about":[{"href":"https:\/\/leszomslibres.ch\/index.php\/wp-json\/wp\/v2\/types\/page"}],"author":[{"embeddable":true,"href":"https:\/\/leszomslibres.ch\/index.php\/wp-json\/wp\/v2\/users\/1"}],"replies":[{"embeddable":true,"href":"https:\/\/leszomslibres.ch\/index.php\/wp-json\/wp\/v2\/comments?post=44"}],"version-history":[{"count":2,"href":"https:\/\/leszomslibres.ch\/index.php\/wp-json\/wp\/v2\/pages\/44\/revisions"}],"predecessor-version":[{"id":91,"href":"https:\/\/leszomslibres.ch\/index.php\/wp-json\/wp\/v2\/pages\/44\/revisions\/91"}],"wp:attachment":[{"href":"https:\/\/leszomslibres.ch\/index.php\/wp-json\/wp\/v2\/media?parent=44"}],"curies":[{"name":"wp","href":"https:\/\/api.w.org\/{rel}","templated":true}]}}