{"id":43,"date":"2020-10-22T12:13:13","date_gmt":"2020-10-22T10:13:13","guid":{"rendered":"https:\/\/leszomslibres.ch\/index.php\/home\/"},"modified":"2025-12-30T13:10:27","modified_gmt":"2025-12-30T12:10:27","slug":"home","status":"publish","type":"page","link":"https:\/\/leszomslibres.ch\/","title":{"rendered":"Accueil"},"content":{"rendered":"\n    \n    <section class=\"skrollable u-align-center u-clearfix u-container-align-center u-image u-parallax u-valign-bottom u-section-2\" id=\"carousel_d338\" data-image-width=\"2000\" data-image-height=\"1333\" style=\"background-image: url(&quot;https:\/\/leszomslibres.ch\/wp-content\/plugins\/nicepage\/assets\/images\/default-image.jpg&quot;);\">\n      <div class=\"u-clearfix u-expanded-width u-layout-wrap u-layout-wrap-1\">\n        <div class=\"u-gutter-0 u-layout\">\n          <div class=\"u-layout-row\">\n            <div class=\"u-align-left u-container-align-left u-container-style u-image u-layout-cell u-left-cell u-right-cell u-size-60 u-image-1\" data-image-width=\"1280\" data-image-height=\"720\" style=\"background-image: url(&quot;https:\/\/leszomslibres.ch\/wp-content\/uploads\/2020\/10\/54e0d6424f51a514f6da8c7dda793678153bdee757596c48732f78d7924ac15ebf_1280.jpg&quot;);\">\n              <div class=\"u-container-layout u-container-layout-1\">\n                <img decoding=\"async\" src=\"https:\/\/leszomslibres.ch\/wp-content\/uploads\/2020\/10\/LesZomsLibres_III_A.png\" alt=\"\" class=\"u-image u-image-default u-image-2\" data-image-width=\"500\" data-image-height=\"287\">\n              <\/div>\n            <\/div>\n          <\/div>\n        <\/div>\n      <\/div>\n    <\/section>\n    <section class=\"u-align-center u-clearfix u-container-align-center u-custom-color-2 u-section-3\" id=\"sec-0708\">\n      <div class=\"u-clearfix u-sheet u-sheet-1\">\n        <div class=\"u-container-style u-expanded-width-xs u-group u-palette-3-base u-group-1\">\n          <div class=\"u-container-layout u-container-layout-1\">\n            <h2 class=\"u-align-center u-text u-text-1\">Vivre Libre !<\/h2>\n            <div class=\"u-border-3 u-border-custom-color-2 u-line u-line-horizontal u-line-1\"><\/div>\n            <p class=\"u-align-center u-text u-text-2\">Vivre lib\u00e9r\u00e9 de la pornographie<br>Vivre lib\u00e9r\u00e9 de la honte et de la d\u00e9pendance<br>C'est possible, et nous sommes pr\u00eats \u00e0 t'aider ! \n            <\/p>\n          <\/div>\n        <\/div>\n      <\/div>\n    <\/section>\n    <section class=\"u-align-center u-clearfix u-container-align-center u-palette-3-base u-section-4\" id=\"carousel_4d8c\">\n      <div class=\"u-clearfix u-sheet u-valign-middle-md u-sheet-1\">\n        <div class=\"u-expanded-width-xs u-list u-list-1\">\n          <div class=\"u-repeater u-repeater-1\">\n            <div class=\"u-container-style u-list-item u-repeater-item\">\n              <div class=\"u-container-layout u-similar-container u-container-layout-1\">\n                <h2 class=\"u-custom-font u-font-oswald u-text u-text-custom-color-2 u-text-1\">C'est quoi ?<\/h2>\n                <p class=\"u-text u-text-2\">Des sessions Zoom entre hommes, avec juste ton pr\u00e9nom, pour avancer ensemble vers la libert\u00e9.<\/p>\n                <h5 class=\"u-text u-text-3\">Des sessions Zoom<\/h5>\n              <\/div>\n            <\/div>\n            <div class=\"u-container-style u-list-item u-repeater-item\">\n              <div class=\"u-container-layout u-similar-container u-container-layout-2\">\n                <h2 class=\"u-custom-font u-font-oswald u-text u-text-custom-color-2 u-text-4\">C'est comment ?<\/h2>\n                <p class=\"u-text u-text-5\">On se voit une fois par semaine, pendant une heure, avec un accompagnant et un groupe d'hommes.<br>\n                <\/p>\n                <h5 class=\"u-text u-text-6\">En groupe, pendant une heure<\/h5>\n              <\/div>\n            <\/div>\n            <div class=\"u-container-style u-expanded-width u-list-item u-repeater-item\">\n              <div class=\"u-container-layout u-similar-container u-container-layout-3\">\n                <h2 class=\"u-custom-font u-font-oswald u-text u-text-custom-color-2 u-text-7\">On fait quoi ?<\/h2>\n                <p class=\"u-text u-text-8\">On partage, on s'encourage, on prie ensemble, et on s'attend \u00e0 l'action de J\u00e9sus.<br>\n                <\/p>\n                <h5 class=\"u-text u-text-9\">Ne plus \u00eatre seul<\/h5>\n              <\/div>\n            <\/div>\n          <\/div>\n        <\/div>\n        <a href=\"https:\/\/leszomslibres.ch\/index.php\/info\/\" class=\"u-btn u-button-style u-custom-color-2 u-custom-font u-font-oswald u-btn-1\">En savoir plus<\/a>\n      <\/div>\n    <\/section>\n    <section class=\"u-clearfix u-custom-color-2 u-section-5\" id=\"carousel_7242\">\n      <div class=\"u-clearfix u-sheet u-sheet-1\">\n        <div class=\"u-clearfix u-expanded-width u-layout-wrap u-layout-wrap-1\">\n          <div class=\"u-layout\">\n            <div class=\"u-layout-row\">\n              <div class=\"u-align-center-sm u-align-left-lg u-align-left-md u-align-left-xl u-container-style u-layout-cell u-left-cell u-size-32-md u-size-32-sm u-size-32-xs u-size-42-lg u-size-42-xl u-layout-cell-1\">\n                <div class=\"u-container-layout u-container-layout-1\">\n                  <h2 class=\"u-align-center-xs u-custom-font u-font-oswald u-text u-text-palette-3-base u-text-1\">Ca co\u00fbte combien ?<\/h2>\n                  <h1 class=\"u-heading-font u-text u-title u-text-2\">39.- CHF&nbsp;<font style=\"font-size: 1.25rem;\">ou 36 \u20ac \/ 56 CAD<\/font>\n                  <\/h1>\n                  <p class=\"u-text u-text-3\">pour 4 sessions d'une heure par mois.<br>\n                    <br>En plus, tu re\u00e7ois un livret qui te donne des pistes sur ce qui se cache sous ton probl\u00e8me de pornographie, et comment traiter les racines du probl\u00e8me.<br>\n                    <font style=\"font-size: 0.75rem;\">Nous offrons aussi des entretiens personnalis\u00e9s.<\/font>\n                  <\/p>\n                  <a href=\"https:\/\/leszomslibres.ch\/index.php\/inscription\/\" class=\"u-btn u-button-style u-custom-font u-font-oswald u-palette-3-base u-btn-1\">Je m'inscris<\/a>\n                <\/div>\n              <\/div>\n              <div class=\"u-container-style u-image u-layout-cell u-right-cell u-size-18-lg u-size-18-xl u-size-28-md u-size-28-sm u-size-28-xs u-image-1\" style=\"background-image: url(&quot;https:\/\/leszomslibres.ch\/wp-content\/uploads\/2020\/10\/rfgd-min.jpg&quot;);\">\n                <div class=\"u-container-layout u-valign-bottom u-container-layout-2\"><\/div>\n              <\/div>\n            <\/div>\n          <\/div>\n        <\/div>\n      <\/div>\n    <\/section>\n    <section class=\"u-align-center u-clearfix u-container-align-center u-palette-3-base u-section-6\" id=\"carousel_6848\">\n      <div class=\"u-clearfix u-sheet u-valign-middle-xs u-sheet-1\">\n        <h1 class=\"u-custom-font u-font-oswald u-text u-text-1\">Qui sommes-nous ?<\/h1>\n        <p class=\"u-text u-text-2\">&nbsp; Nous sommes des chr\u00e9tiens, attach\u00e9s \u00e0 J\u00e9sus, et qui avons\n\u2018touch\u00e9 le fond\u2019 de la pornographie, et certains ont \u00e9t\u00e9 au bord du divorce.<br> Nous avons vu comment J\u00e9sus nous rel\u00e8ve, nous lave, nous fortifie et nous\nd\u00e9livre.<br> Nous avons aussi vu combien cette d\u00e9pendance nous d\u00e9truit de l\u2019int\u00e9rieur, et\ncombien elle fait des d\u00e9g\u00e2ts autour de nous.<br> Nous avons exp\u00e9riment\u00e9 la puissance de la pri\u00e8re et aussi de l\u2019amiti\u00e9, de\nl\u2019authenticit\u00e9, de la redevabilit\u00e9. Nous croyons qu\u2019il existe un chemin pour\ntoi aussi&nbsp;!&nbsp;&nbsp; \n        <\/p>\n        <div class=\"u-expanded-width u-list u-list-1\">\n          <div class=\"u-repeater u-repeater-1\">\n            <div class=\"u-align-center-lg u-align-center-md u-align-center-sm u-container-style u-list-item u-repeater-item\">\n              <div class=\"u-container-layout u-similar-container u-valign-top-lg u-valign-top-md u-valign-top-xl u-container-layout-1\">\n                <img decoding=\"async\" class=\"u-expanded-width-lg u-expanded-width-md u-image u-image-1\" src=\"https:\/\/leszomslibres.ch\/wp-content\/uploads\/2020\/10\/Patrick_Rey_II.jpg\">\n                <div class=\"u-align-center-sm u-align-center-xs u-container-style u-group u-white u-group-1\">\n                  <div class=\"u-container-layout u-valign-top u-container-layout-2\">\n                    <h4 class=\"u-text u-text-3\">Patrick Rey<\/h4>\n                    <h6 class=\"u-align-center-lg u-align-center-md u-align-center-xl u-custom-font u-font-pt-sans u-text u-text-palette-3-base u-text-4\">Accompagnant<\/h6>\n                    <p class=\"u-text u-text-5\">Pasteur<br>Accompagnateur dans le domaine de la sexualit\u00e9 depuis 20 ans \n                    <\/p>\n                    <div class=\"u-social-icons u-social-icons-1\">\n                      <a class=\"u-social-url\" target=\"_blank\" href=\"\"><span class=\"u-icon u-icon-circle u-social-facebook u-social-icon u-icon-1\"><svg class=\"u-svg-link\" preserveAspectRatio=\"xMidYMin slice\" viewBox=\"0 0 112 112\" style=\"\"><use xlink:href=\"#svg-4a49\"><\/use><\/svg><svg xmlns=\"http:\/\/www.w3.org\/2000\/svg\" xmlns:xlink=\"http:\/\/www.w3.org\/1999\/xlink\" version=\"1.1\" xml:space=\"preserve\" class=\"u-svg-content\" viewBox=\"0 0 112 112\" x=\"0px\" y=\"0px\" id=\"svg-4a49\"><path d=\"M75.5,28.8H65.4c-1.5,0-4,0.9-4,4.3v9.4h13.9l-1.5,15.8H61.4v45.1H42.8V58.3h-8.8V42.4h8.8V32.2 c0-7.4,3.4-18.8,18.8-18.8h13.8v15.4H75.5z\"><\/path><\/svg><\/span>\n                      <\/a>\n                      <a class=\"u-social-url\" target=\"_blank\" href=\"\"><span class=\"u-icon u-icon-circle u-social-icon u-social-twitter u-icon-2\"><svg class=\"u-svg-link\" preserveAspectRatio=\"xMidYMin slice\" viewBox=\"0 0 112 112\" style=\"\"><use xlink:href=\"#svg-ba64\"><\/use><\/svg><svg xmlns=\"http:\/\/www.w3.org\/2000\/svg\" xmlns:xlink=\"http:\/\/www.w3.org\/1999\/xlink\" version=\"1.1\" xml:space=\"preserve\" class=\"u-svg-content\" viewBox=\"0 0 112 112\" x=\"0px\" y=\"0px\" id=\"svg-ba64\"><path d=\"M92.2,38.2c0,0.8,0,1.6,0,2.3c0,24.3-18.6,52.4-52.6,52.4c-10.6,0.1-20.2-2.9-28.5-8.2 c1.4,0.2,2.9,0.2,4.4,0.2c8.7,0,16.7-2.9,23-7.9c-8.1-0.2-14.9-5.5-17.3-12.8c1.1,0.2,2.4,0.2,3.4,0.2c1.6,0,3.3-0.2,4.8-0.7 c-8.4-1.6-14.9-9.2-14.9-18c0-0.2,0-0.2,0-0.2c2.5,1.4,5.4,2.2,8.4,2.3c-5-3.3-8.3-8.9-8.3-15.4c0-3.4,1-6.5,2.5-9.2 c9.1,11.1,22.7,18.5,38,19.2c-0.2-1.4-0.4-2.8-0.4-4.3c0.1-10,8.3-18.2,18.5-18.2c5.4,0,10.1,2.2,13.5,5.7c4.3-0.8,8.1-2.3,11.7-4.5 c-1.4,4.3-4.3,7.9-8.1,10.1c3.7-0.4,7.3-1.4,10.6-2.9C98.9,32.3,95.7,35.5,92.2,38.2z\"><\/path><\/svg><\/span>\n                      <\/a>\n                      <a class=\"u-social-url\" target=\"_blank\" href=\"\"><span class=\"u-icon u-icon-circle u-social-icon u-social-instagram u-icon-3\"><svg class=\"u-svg-link\" preserveAspectRatio=\"xMidYMin slice\" viewBox=\"0 0 112 112\" style=\"\"><use xlink:href=\"#svg-3c6f\"><\/use><\/svg><svg xmlns=\"http:\/\/www.w3.org\/2000\/svg\" xmlns:xlink=\"http:\/\/www.w3.org\/1999\/xlink\" version=\"1.1\" xml:space=\"preserve\" class=\"u-svg-content\" viewBox=\"0 0 112 112\" x=\"0px\" y=\"0px\" id=\"svg-3c6f\"><path d=\"M55.9,32.9c-12.8,0-23.2,10.4-23.2,23.2s10.4,23.2,23.2,23.2s23.2-10.4,23.2-23.2S68.7,32.9,55.9,32.9z M55.9,69.4c-7.4,0-13.3-6-13.3-13.3c-0.1-7.4,6-13.3,13.3-13.3s13.3,6,13.3,13.3C69.3,63.5,63.3,69.4,55.9,69.4z\"><\/path><path d=\"M79.7,26.8c-3,0-5.4,2.5-5.4,5.4s2.5,5.4,5.4,5.4c3,0,5.4-2.5,5.4-5.4S82.7,26.8,79.7,26.8z\"><\/path><path d=\"M78.2,11H33.5C21,11,10.8,21.3,10.8,33.7v44.7c0,12.6,10.2,22.8,22.7,22.8h44.7c12.6,0,22.7-10.2,22.7-22.7 V33.7C100.8,21.1,90.6,11,78.2,11z M91,78.4c0,7.1-5.8,12.8-12.8,12.8H33.5c-7.1,0-12.8-5.8-12.8-12.8V33.7 c0-7.1,5.8-12.8,12.8-12.8h44.7c7.1,0,12.8,5.8,12.8,12.8V78.4z\"><\/path><\/svg><\/span>\n                      <\/a>\n                    <\/div>\n                  <\/div>\n                <\/div>\n              <\/div>\n            <\/div>\n            <div class=\"u-align-center u-container-align-center u-container-style u-list-item u-repeater-item\">\n              <div class=\"u-container-layout u-similar-container u-valign-top-lg u-valign-top-md u-valign-top-xl u-container-layout-3\">\n                <img decoding=\"async\" class=\"u-expanded-width-lg u-expanded-width-md u-image u-image-2\" src=\"https:\/\/leszomslibres.ch\/wp-content\/uploads\/2020\/10\/Olivier.jpg\">\n                <div class=\"u-align-center-sm u-align-center-xs u-container-style u-group u-white u-group-2\">\n                  <div class=\"u-container-layout u-valign-top u-container-layout-4\">\n                    <h4 class=\"u-text u-text-6\">Olivier UDRIOT<\/h4>\n                    <h6 class=\"u-align-center-lg u-align-center-md u-align-center-xl u-custom-font u-font-pt-sans u-text u-text-palette-3-base u-text-7\">Acompagnant<\/h6>\n                    <p class=\"u-text u-text-8\">Missionnaire, auteur,<br>explorateur des Alpes<br>\n                    <\/p>\n                    <div class=\"u-social-icons u-social-icons-2\">\n                      <a class=\"u-social-url\" target=\"_blank\" href=\"\"><span class=\"u-icon u-icon-circle u-social-facebook u-social-icon u-icon-4\"><svg class=\"u-svg-link\" preserveAspectRatio=\"xMidYMin slice\" viewBox=\"0 0 112 112\" style=\"\"><use xlink:href=\"#svg-1192\"><\/use><\/svg><svg xmlns=\"http:\/\/www.w3.org\/2000\/svg\" xmlns:xlink=\"http:\/\/www.w3.org\/1999\/xlink\" version=\"1.1\" xml:space=\"preserve\" class=\"u-svg-content\" viewBox=\"0 0 112 112\" x=\"0px\" y=\"0px\" id=\"svg-1192\"><path d=\"M75.5,28.8H65.4c-1.5,0-4,0.9-4,4.3v9.4h13.9l-1.5,15.8H61.4v45.1H42.8V58.3h-8.8V42.4h8.8V32.2 c0-7.4,3.4-18.8,18.8-18.8h13.8v15.4H75.5z\"><\/path><\/svg><\/span>\n                      <\/a>\n                      <a class=\"u-social-url\" target=\"_blank\" href=\"\"><span class=\"u-icon u-icon-circle u-social-icon u-social-twitter u-icon-5\"><svg class=\"u-svg-link\" preserveAspectRatio=\"xMidYMin slice\" viewBox=\"0 0 112 112\" style=\"\"><use xlink:href=\"#svg-4bc9\"><\/use><\/svg><svg xmlns=\"http:\/\/www.w3.org\/2000\/svg\" xmlns:xlink=\"http:\/\/www.w3.org\/1999\/xlink\" version=\"1.1\" xml:space=\"preserve\" class=\"u-svg-content\" viewBox=\"0 0 112 112\" x=\"0px\" y=\"0px\" id=\"svg-4bc9\"><path d=\"M92.2,38.2c0,0.8,0,1.6,0,2.3c0,24.3-18.6,52.4-52.6,52.4c-10.6,0.1-20.2-2.9-28.5-8.2 c1.4,0.2,2.9,0.2,4.4,0.2c8.7,0,16.7-2.9,23-7.9c-8.1-0.2-14.9-5.5-17.3-12.8c1.1,0.2,2.4,0.2,3.4,0.2c1.6,0,3.3-0.2,4.8-0.7 c-8.4-1.6-14.9-9.2-14.9-18c0-0.2,0-0.2,0-0.2c2.5,1.4,5.4,2.2,8.4,2.3c-5-3.3-8.3-8.9-8.3-15.4c0-3.4,1-6.5,2.5-9.2 c9.1,11.1,22.7,18.5,38,19.2c-0.2-1.4-0.4-2.8-0.4-4.3c0.1-10,8.3-18.2,18.5-18.2c5.4,0,10.1,2.2,13.5,5.7c4.3-0.8,8.1-2.3,11.7-4.5 c-1.4,4.3-4.3,7.9-8.1,10.1c3.7-0.4,7.3-1.4,10.6-2.9C98.9,32.3,95.7,35.5,92.2,38.2z\"><\/path><\/svg><\/span>\n                      <\/a>\n                      <a class=\"u-social-url\" target=\"_blank\" href=\"\"><span class=\"u-icon u-icon-circle u-social-icon u-social-instagram u-icon-6\"><svg class=\"u-svg-link\" preserveAspectRatio=\"xMidYMin slice\" viewBox=\"0 0 112 112\" style=\"\"><use xlink:href=\"#svg-cff2\"><\/use><\/svg><svg xmlns=\"http:\/\/www.w3.org\/2000\/svg\" xmlns:xlink=\"http:\/\/www.w3.org\/1999\/xlink\" version=\"1.1\" xml:space=\"preserve\" class=\"u-svg-content\" viewBox=\"0 0 112 112\" x=\"0px\" y=\"0px\" id=\"svg-cff2\"><path d=\"M55.9,32.9c-12.8,0-23.2,10.4-23.2,23.2s10.4,23.2,23.2,23.2s23.2-10.4,23.2-23.2S68.7,32.9,55.9,32.9z M55.9,69.4c-7.4,0-13.3-6-13.3-13.3c-0.1-7.4,6-13.3,13.3-13.3s13.3,6,13.3,13.3C69.3,63.5,63.3,69.4,55.9,69.4z\"><\/path><path d=\"M79.7,26.8c-3,0-5.4,2.5-5.4,5.4s2.5,5.4,5.4,5.4c3,0,5.4-2.5,5.4-5.4S82.7,26.8,79.7,26.8z\"><\/path><path d=\"M78.2,11H33.5C21,11,10.8,21.3,10.8,33.7v44.7c0,12.6,10.2,22.8,22.7,22.8h44.7c12.6,0,22.7-10.2,22.7-22.7 V33.7C100.8,21.1,90.6,11,78.2,11z M91,78.4c0,7.1-5.8,12.8-12.8,12.8H33.5c-7.1,0-12.8-5.8-12.8-12.8V33.7 c0-7.1,5.8-12.8,12.8-12.8h44.7c7.1,0,12.8,5.8,12.8,12.8V78.4z\"><\/path><\/svg><\/span>\n                      <\/a>\n                    <\/div>\n                  <\/div>\n                <\/div>\n              <\/div>\n            <\/div>\n          <\/div>\n        <\/div>\n      <\/div>\n    <\/section>\n    <section class=\"u-align-center u-clearfix u-container-align-center u-palette-1-base u-section-7\" id=\"sec-85fa\">\n      <div class=\"u-clearfix u-sheet u-valign-middle-md u-valign-middle-sm u-valign-middle-xs u-sheet-1\">\n        <div class=\"u-clearfix u-expanded-width u-layout-wrap u-layout-wrap-1\">\n          <div class=\"u-layout\">\n            <div class=\"u-layout-row\">\n              <div class=\"u-align-left u-container-align-left u-container-style u-layout-cell u-left-cell u-size-30 u-layout-cell-1\">\n                <div class=\"u-container-layout u-valign-top-lg u-valign-top-md u-valign-top-xl u-container-layout-1\">\n                  <h5 class=\"u-text u-text-1\">Vous avez des questions ?<\/h5>\n                  <h2 class=\"u-text u-text-white u-text-2\">Contactez-nous<\/h2>\n                  <p class=\"u-text u-text-3\">Nous r\u00e9pondons volontiers \u00e0 vos questions, sur le d\u00e9roulement des sessions, le contenu, sur qui nous sommes, et sur notre fa\u00e7on de vous accompagner.<\/p>\n                <\/div>\n              <\/div>\n              <div class=\"u-align-left u-container-align-left u-container-style u-layout-cell u-right-cell u-size-30 u-layout-cell-2\">\n                <div class=\"u-container-layout u-container-layout-2\">\n                  <div class=\"u-form u-form-1\">\n                    <form action=\"https:\/\/leszomslibres.ch\/wp-content\/plugins\/nicepage\/templates\/form.php?id=43&formId=ea05-85fa\" class=\"u-clearfix u-form-spacing-10 u-form-vertical u-inner-form\" style=\"padding: 10px;\" source=\"customphp\" name=\"form-4\">\n                      <div class=\"u-form-group u-form-name\">\n                        <label for=\"name-049c\" class=\"u-form-control-hidden u-label\">Name<\/label>\n                        <input type=\"text\" placeholder=\"Votre nom\" id=\"name-049c\" name=\"name\" class=\"u-input u-input-rectangle\" required=\"\">\n                      <\/div>\n                      <div class=\"u-form-email u-form-group\">\n                        <label for=\"email-049c\" class=\"u-form-control-hidden u-label\">Email<\/label>\n                        <input type=\"email\" placeholder=\"Votre adresse email\" id=\"email-049c\" name=\"email\" class=\"u-input u-input-rectangle\" required=\"\">\n                      <\/div>\n                      <div class=\"u-form-group u-form-message\">\n                        <label for=\"message-049c\" class=\"u-form-control-hidden u-label\">Message<\/label>\n                        <textarea placeholder=\"Votre message\" rows=\"4\" cols=\"50\" id=\"message-049c\" name=\"message\" class=\"u-input u-input-rectangle\" required=\"\"><\/textarea>\n                      <\/div>\n                      <div class=\"u-form-group u-form-submit\">\n                        <a href=\"#\" class=\"u-btn u-btn-submit u-button-style u-palette-3-base u-btn-1\">Envoyer<\/a>\n                        <input type=\"submit\" value=\"submit\" class=\"u-form-control-hidden\">\n                      <\/div>\n                      <div class=\"u-form-send-message u-form-send-success\">Merci ! Votre message a \u00e9t\u00e9 envoy\u00e9 !<\/div>\n                      <div class=\"u-form-send-error u-form-send-message\">Erreur d'envoi ! Ecrivez nous \u00e0 info@cruxial.ch<\/div>\n                      <input type=\"hidden\" value=\"\" name=\"recaptchaResponse\">\n                    <\/form>\n                  <\/div>\n                <\/div>\n              <\/div>\n            <\/div>\n          <\/div>\n        <\/div>\n      <\/div>\n    <\/section>\n    \n    \n    \n  \n","protected":false},"excerpt":{"rendered":"<p>Vivre Libre ! Vivre lib\u00e9r\u00e9 de la pornographieVivre lib\u00e9r\u00e9 de la honte et de la d\u00e9pendanceC&rsquo;est possible, et nous sommes pr\u00eats \u00e0 t&rsquo;aider ! C&rsquo;est quoi ? Des sessions Zoom entre hommes, avec juste ton pr\u00e9nom, pour avancer ensemble vers la libert\u00e9. Des sessions Zoom C&rsquo;est comment ? On se voit une fois par semaine, &hellip; <a href=\"https:\/\/leszomslibres.ch\/\" class=\"more-link\">Continue reading<span class=\"screen-reader-text\"> \u00ab\u00a0Accueil\u00a0\u00bb<\/span><\/a><\/p>\n","protected":false},"author":1,"featured_media":0,"parent":0,"menu_order":3,"comment_status":"closed","ping_status":"closed","template":"","meta":{"footnotes":""},"class_list":["post-43","page","type-page","status-publish","hentry"],"_links":{"self":[{"href":"https:\/\/leszomslibres.ch\/index.php\/wp-json\/wp\/v2\/pages\/43","targetHints":{"allow":["GET"]}}],"collection":[{"href":"https:\/\/leszomslibres.ch\/index.php\/wp-json\/wp\/v2\/pages"}],"about":[{"href":"https:\/\/leszomslibres.ch\/index.php\/wp-json\/wp\/v2\/types\/page"}],"author":[{"embeddable":true,"href":"https:\/\/leszomslibres.ch\/index.php\/wp-json\/wp\/v2\/users\/1"}],"replies":[{"embeddable":true,"href":"https:\/\/leszomslibres.ch\/index.php\/wp-json\/wp\/v2\/comments?post=43"}],"version-history":[{"count":7,"href":"https:\/\/leszomslibres.ch\/index.php\/wp-json\/wp\/v2\/pages\/43\/revisions"}],"predecessor-version":[{"id":185,"href":"https:\/\/leszomslibres.ch\/index.php\/wp-json\/wp\/v2\/pages\/43\/revisions\/185"}],"wp:attachment":[{"href":"https:\/\/leszomslibres.ch\/index.php\/wp-json\/wp\/v2\/media?parent=43"}],"curies":[{"name":"wp","href":"https:\/\/api.w.org\/{rel}","templated":true}]}}