{"id":42,"date":"2020-10-22T12:13:12","date_gmt":"2020-10-22T10:13:12","guid":{"rendered":"https:\/\/leszomslibres.ch\/index.php\/inscription\/"},"modified":"2022-10-18T15:54:03","modified_gmt":"2022-10-18T13:54:03","slug":"inscription","status":"publish","type":"page","link":"https:\/\/leszomslibres.ch\/index.php\/inscription\/","title":{"rendered":"Inscription"},"content":{"rendered":"\n    \n    <section class=\"u-align-right u-clearfix u-image u-shading u-section-2\" id=\"carousel_816c\" style=\"background-image: linear-gradient(0deg, rgba(0, 0, 0, 0.1), rgba(0, 0, 0, 0.1)), url(&quot;https:\/\/leszomslibres.ch\/wp-content\/uploads\/2020\/10\/f-min.jpg&quot;);\">\n      <div class=\"u-clearfix u-sheet u-sheet-1\">\n        <div class=\"u-align-left u-border-5 u-border-white u-container-style u-expanded-width-xs u-group u-group-1\">\n          <div class=\"u-container-layout u-container-layout-1\">\n            <h1 class=\"u-custom-font u-text u-title u-text-1\">Inscription<\/h1>\n            <h2 class=\"u-custom-font u-text u-text-2\">Je me mets en marche vers la libert\u00e9 !<br>\n            <\/h2>\n            <p class=\"u-text u-text-3\"> En t'inscrivant, tu permets que sois d\u00e9bit\u00e9 39.- CHF de ta carte, chaque mois.<br>Tu peux te d\u00e8s-inscrire \u00e0 tout moment.<br>Il n'y pas de d\u00e9lai de r\u00e9siliation ni d'autres conditions : nous annulons ton inscription d\u00e8s la fin du mois courant.<br>De notre c\u00f4t\u00e9, nous nous engageons \u00e0 te donner une place dans le groupe, avec une session d'une heure par semaine (4 par mois).<br>Tu peux changer de groupe quand tu veux, en nous informant dans la section 'contact'. \n            <\/p>\n          <\/div>\n        <\/div>\n      <\/div>\n    <\/section>\n    <section class=\"u-clearfix u-palette-3-base u-section-3\" id=\"sec-5b0f\">\n      <div class=\"u-clearfix u-sheet u-sheet-1\">\n        <h1 class=\"u-text u-text-default u-text-1\">Je m'inscris !<\/h1>\n        <div class=\"u-tabs u-tabs-1\">\n          <ul class=\"u-tab-list u-unstyled\" role=\"tablist\">\n            <li class=\"u-tab-item\" role=\"presentation\">\n              <a class=\"active u-active-custom-color-2 u-button-style u-palette-3-dark-2 u-tab-link u-tab-link-1\" id=\"link-tab-3f88\" href=\"#tab-3f88\" role=\"tab\" aria-controls=\"tab-3f88\" aria-selected=\"true\">En CHF<\/a>\n            <\/li>\n            <li class=\"u-tab-item\" role=\"presentation\">\n              <a class=\"u-active-custom-color-2 u-button-style u-palette-3-dark-2 u-tab-link u-tab-link-2\" id=\"link-tab-34cc\" href=\"#tab-34cc\" role=\"tab\" aria-controls=\"tab-34cc\" aria-selected=\"false\">En EUR<\/a>\n            <\/li>\n            <li class=\"u-tab-item\" role=\"presentation\">\n              <a class=\"u-active-custom-color-2 u-button-style u-palette-3-dark-2 u-tab-link u-tab-link-3\" id=\"link-tab-ba0c\" href=\"#tab-ba0c\" role=\"tab\" aria-controls=\"tab-ba0c\" aria-selected=\"false\">En CAD<\/a>\n            <\/li>\n          <\/ul>\n          <div class=\"u-tab-content\">\n            <div class=\"u-container-style u-custom-color-2 u-tab-active u-tab-pane u-tab-pane-1\" id=\"tab-3f88\" role=\"tabpanel\" aria-labelledby=\"link-tab-3f88\">\n              <div class=\"u-container-layout u-container-layout-1\">\n                <h2 class=\"u-text u-text-default u-text-2\">39.- CHF<\/h2>\n                <p class=\"u-text u-text-3\"> Pour un mois de session de groupe, \u00e0 raison d'une session par semaine.<br>\n                  <a href=\"https:\/\/buy.stripe.com\/aEU7t19aW1ATfoQ4gg\" class=\"u-active-none u-border-none u-btn u-button-link u-button-style u-hover-none u-none u-text-palette-1-base u-btn-1\" target=\"_blank\">\n                    <br>Cliquez ici (paiements via le site s\u00e9curis\u00e9 Stripe)\n                  <\/a>\n                <\/p>\n                <img decoding=\"async\" class=\"u-image u-image-round u-radius-10 u-image-1\" src=\"https:\/\/leszomslibres.ch\/wp-content\/uploads\/2022\/10\/tlchargement.jpeg\" alt=\"\" data-image-width=\"351\" data-image-height=\"143\" data-href=\"https:\/\/buy.stripe.com\/aEU7t19aW1ATfoQ4gg\" data-target=\"_blank\">\n              <\/div>\n            <\/div>\n            <div class=\"u-container-style u-custom-color-2 u-tab-pane u-tab-pane-2\" id=\"tab-34cc\" role=\"tabpanel\" aria-labelledby=\"link-tab-34cc\">\n              <div class=\"u-container-layout u-container-layout-2\">\n                <h2 class=\"u-text u-text-default u-text-4\">36.- \u20ac<\/h2>\n                <p class=\"u-text u-text-default u-text-5\">\n                  <a href=\"https:\/\/buy.stripe.com\/28o14D2MygvN4Kc3cd\" class=\"u-active-none u-border-none u-btn u-button-link u-button-style u-hover-none u-none u-text-palette-1-base u-btn-2\" target=\"_blank\"> Pour un mois de session de groupe, \u00e0 raison d'une session par semaine.<br>\n                    <br>Cliquez ici (paiement via le site s\u00e9curis\u00e9 Stripe)\n                  <\/a>\n                <\/p>\n                <img decoding=\"async\" class=\"u-image u-image-round u-radius-10 u-image-2\" src=\"https:\/\/leszomslibres.ch\/wp-content\/uploads\/2022\/10\/tlchargement.jpeg\" alt=\"\" data-image-width=\"351\" data-image-height=\"143\" data-href=\"https:\/\/buy.stripe.com\/28o14D2MygvN4Kc3cd\" data-target=\"_blank\">\n              <\/div>\n            <\/div>\n            <div class=\"u-container-style u-custom-color-2 u-tab-pane u-tab-pane-3\" id=\"tab-ba0c\" role=\"tabpanel\" aria-labelledby=\"link-tab-ba0c\">\n              <div class=\"u-container-layout u-container-layout-3\">\n                <h2 class=\"u-text u-text-default u-text-6\">56.- CAD<\/h2>\n                <p class=\"u-text u-text-default u-text-7\"> Pour un mois de session de groupe, \u00e0 raison d'une session par semaine.<br>\n                  <br>\n                  <a href=\"https:\/\/buy.stripe.com\/14keVt3QC93lgsUfZ0\" class=\"u-active-none u-border-none u-btn u-button-link u-button-style u-hover-none u-none u-text-palette-1-base u-btn-3\" target=\"_blank\">Cliquez ici (paiement via le site s\u00e9curis\u00e9 Stripe)<\/a>\n                <\/p>\n                <img decoding=\"async\" class=\"u-image u-image-round u-radius-10 u-image-3\" src=\"https:\/\/leszomslibres.ch\/wp-content\/uploads\/2022\/10\/tlchargement.jpeg\" alt=\"\" data-image-width=\"351\" data-image-height=\"143\" data-href=\"https:\/\/buy.stripe.com\/14keVt3QC93lgsUfZ0\" data-target=\"_blank\">\n              <\/div>\n            <\/div>\n          <\/div>\n        <\/div>\n      <\/div>\n    <\/section>\n    <section class=\"u-clearfix u-section-4\" id=\"carousel_8f2a\">\n      <div class=\"u-clearfix u-sheet u-sheet-1\">\n        <h1 class=\"u-text u-text-default u-text-1\">Accompagnement personnel<\/h1>\n        <p class=\"u-text u-text-default u-text-2\"> Tu veux d'abord nous rencontrer une fois, en t\u00eate \u00e0 t\u00eate ?<br>C'est possible en r\u00e9servant une session personnelle d'une heure.<br>Nous te contacterons via email pour fixer le jour et l'heure qui te conviennent.\n        <\/p>\n        <div class=\"u-tabs u-tabs-1\">\n          <ul class=\"u-tab-list u-unstyled\" role=\"tablist\">\n            <li class=\"u-tab-item\" role=\"presentation\">\n              <a class=\"active u-active-custom-color-2 u-button-style u-palette-3-dark-2 u-tab-link u-tab-link-1\" id=\"link-tab-33f2\" href=\"#tab-33f2\" role=\"tab\" aria-controls=\"tab-33f2\" aria-selected=\"true\">En CHF<\/a>\n            <\/li>\n            <li class=\"u-tab-item\" role=\"presentation\">\n              <a class=\"u-active-custom-color-2 u-button-style u-palette-3-dark-2 u-tab-link u-tab-link-2\" id=\"link-tab-d524\" href=\"#tab-d524\" role=\"tab\" aria-controls=\"tab-d524\" aria-selected=\"false\">En EUR<\/a>\n            <\/li>\n            <li class=\"u-tab-item\" role=\"presentation\">\n              <a class=\"u-active-custom-color-2 u-button-style u-palette-3-dark-2 u-tab-link u-tab-link-3\" id=\"link-tab-689b\" href=\"#tab-689b\" role=\"tab\" aria-controls=\"tab-689b\" aria-selected=\"false\">En CAD<\/a>\n            <\/li>\n          <\/ul>\n          <div class=\"u-tab-content\">\n            <div class=\"u-container-style u-custom-color-2 u-tab-active u-tab-pane u-tab-pane-1\" id=\"tab-33f2\" role=\"tabpanel\" aria-labelledby=\"link-tab-33f2\">\n              <div class=\"u-container-layout u-container-layout-1\">\n                <h2 class=\"u-text u-text-default u-text-3\">60.- CHF<\/h2>\n                <p class=\"u-text u-text-4\">Pour une session personnelle d'un heure, juste moi et un accompagnant.<br>\n                  <br>\n                  <a href=\"https:\/\/buy.stripe.com\/00g14Dbj493l2C428b\" class=\"u-active-none u-border-none u-btn u-button-link u-button-style u-hover-none u-none u-text-palette-1-base u-btn-1\" target=\"_blank\">Cliquez ici (paiement via le site s\u00e9curis\u00e9 Stripe)<\/a>\n                <\/p>\n                <img decoding=\"async\" class=\"u-image u-image-round u-radius-10 u-image-1\" src=\"https:\/\/leszomslibres.ch\/wp-content\/uploads\/2022\/10\/tlchargement.jpeg\" alt=\"\" data-image-width=\"351\" data-image-height=\"143\" data-href=\"https:\/\/buy.stripe.com\/00g14Dbj493l2C428b\" data-target=\"_blank\">\n              <\/div>\n            <\/div>\n            <div class=\"u-container-style u-custom-color-2 u-tab-pane u-tab-pane-2\" id=\"tab-d524\" role=\"tabpanel\" aria-labelledby=\"link-tab-d524\">\n              <div class=\"u-container-layout u-container-layout-2\">\n                <h2 class=\"u-text u-text-default u-text-5\">56.- \u20ac<\/h2>\n                <p class=\"u-text u-text-default u-text-6\">Pour une session personnelle d'un heure, juste moi et un accompagnant.<br>\n                  <br>\n                  <a href=\"https:\/\/buy.stripe.com\/7sI7t1bj46Vd6SkfZ2\" class=\"u-active-none u-border-none u-btn u-button-link u-button-style u-hover-none u-none u-text-palette-1-base u-btn-2\" target=\"_blank\">Cliquez ici (paiement via le site s\u00e9curis\u00e9 Stripe)<\/a>\n                <\/p>\n                <img decoding=\"async\" class=\"u-image u-image-round u-radius-10 u-image-2\" src=\"https:\/\/leszomslibres.ch\/wp-content\/uploads\/2022\/10\/tlchargement.jpeg\" alt=\"\" data-image-width=\"351\" data-image-height=\"143\" data-href=\"https:\/\/buy.stripe.com\/7sI7t1bj46Vd6SkfZ2\" data-target=\"_blank\">\n              <\/div>\n            <\/div>\n            <div class=\"u-container-style u-custom-color-2 u-tab-pane u-tab-pane-3\" id=\"tab-689b\" role=\"tabpanel\" aria-labelledby=\"link-tab-689b\">\n              <div class=\"u-container-layout u-container-layout-3\">\n                <h2 class=\"u-text u-text-default u-text-7\">86.- CAD<\/h2>\n                <p class=\"u-text u-text-default u-text-8\">Pour une session personnelle d'un heure, juste moi et un accompagnant.<br>\n                  <br>\n                  <a href=\"https:\/\/buy.stripe.com\/cN23cL2MyfrJa4wcMR\" class=\"u-active-none u-border-none u-btn u-button-link u-button-style u-hover-none u-none u-text-palette-1-base u-btn-3\" target=\"_blank\">Cliquez ici (paiement via le site s\u00e9curis\u00e9 Stripe)<\/a>\n                  <br>\n                <\/p>\n                <img decoding=\"async\" class=\"u-image u-image-round u-radius-10 u-image-3\" src=\"https:\/\/leszomslibres.ch\/wp-content\/uploads\/2022\/10\/tlchargement.jpeg\" alt=\"\" data-image-width=\"351\" data-image-height=\"143\" data-href=\"https:\/\/buy.stripe.com\/cN23cL2MyfrJa4wcMR\" data-target=\"_blank\">\n              <\/div>\n            <\/div>\n          <\/div>\n        <\/div>\n      <\/div>\n    <\/section>\n    \n    \n  \n","protected":false},"excerpt":{"rendered":"<p>Inscription Je me mets en marche vers la libert\u00e9 ! En t&rsquo;inscrivant, tu permets que sois d\u00e9bit\u00e9 39.- CHF de ta carte, chaque mois.Tu peux te d\u00e8s-inscrire \u00e0 tout moment.Il n&rsquo;y pas de d\u00e9lai de r\u00e9siliation ni d&rsquo;autres conditions : nous annulons ton inscription d\u00e8s la fin du mois courant.De notre c\u00f4t\u00e9, nous nous engageons &hellip; <a href=\"https:\/\/leszomslibres.ch\/index.php\/inscription\/\" class=\"more-link\">Continue reading<span class=\"screen-reader-text\"> \u00ab\u00a0Inscription\u00a0\u00bb<\/span><\/a><\/p>\n","protected":false},"author":1,"featured_media":0,"parent":0,"menu_order":2,"comment_status":"closed","ping_status":"closed","template":"","meta":{"footnotes":""},"class_list":["post-42","page","type-page","status-publish","hentry"],"_links":{"self":[{"href":"https:\/\/leszomslibres.ch\/index.php\/wp-json\/wp\/v2\/pages\/42","targetHints":{"allow":["GET"]}}],"collection":[{"href":"https:\/\/leszomslibres.ch\/index.php\/wp-json\/wp\/v2\/pages"}],"about":[{"href":"https:\/\/leszomslibres.ch\/index.php\/wp-json\/wp\/v2\/types\/page"}],"author":[{"embeddable":true,"href":"https:\/\/leszomslibres.ch\/index.php\/wp-json\/wp\/v2\/users\/1"}],"replies":[{"embeddable":true,"href":"https:\/\/leszomslibres.ch\/index.php\/wp-json\/wp\/v2\/comments?post=42"}],"version-history":[{"count":22,"href":"https:\/\/leszomslibres.ch\/index.php\/wp-json\/wp\/v2\/pages\/42\/revisions"}],"predecessor-version":[{"id":191,"href":"https:\/\/leszomslibres.ch\/index.php\/wp-json\/wp\/v2\/pages\/42\/revisions\/191"}],"wp:attachment":[{"href":"https:\/\/leszomslibres.ch\/index.php\/wp-json\/wp\/v2\/media?parent=42"}],"curies":[{"name":"wp","href":"https:\/\/api.w.org\/{rel}","templated":true}]}}