{"id":106,"date":"2020-11-16T15:05:08","date_gmt":"2020-11-16T14:05:08","guid":{"rendered":"https:\/\/leszomslibres.ch\/?page_id=106"},"modified":"2020-11-16T15:11:19","modified_gmt":"2020-11-16T14:11:19","slug":"temoignage","status":"publish","type":"page","link":"https:\/\/leszomslibres.ch\/index.php\/temoignage\/","title":{"rendered":"T\u00e9moignage"},"content":{"rendered":"\n    \n    <section class=\"u-align-center u-clearfix u-grey-10 u-valign-middle-lg u-valign-middle-xl u-section-2\" id=\"carousel_2c11\">\n      <div class=\"u-palette-3-base u-shape u-shape-circle u-shape-1\"><\/div>\n      <div class=\"u-clearfix u-layout-wrap u-layout-wrap-1\">\n        <div class=\"u-layout\">\n          <div class=\"u-layout-row\">\n            <div class=\"u-align-left u-container-style u-layout-cell u-right-cell u-size-30 u-layout-cell-1\">\n              <div class=\"u-container-layout u-valign-top-lg u-container-layout-1\">\n                <div class=\"u-palette-3-base u-shape u-shape-rectangle u-shape-2\"><\/div>\n                <h2 class=\"u-text u-text-1\">De la prison \u00e0 la libert\u00e9<br>\n                <\/h2>\n                <p class=\"u-text u-text-2\">Ci-dessous, le t\u00e9moignage d'un captif de la pornographie vers la libert\u00e9... pour t'encourager !<\/p>\n              <\/div>\n            <\/div>\n            <div class=\"u-container-style u-image u-layout-cell u-left-cell u-size-30 u-image-1\" data-image-width=\"1280\" data-image-height=\"853\">\n              <div class=\"u-container-layout u-container-layout-2\"><\/div>\n            <\/div>\n          <\/div>\n        <\/div>\n      <\/div>\n    <\/section>\n    <section class=\"u-align-center u-clearfix u-palette-3-base u-section-3\" id=\"carousel_40ae\">\n      <div class=\"u-clearfix u-sheet u-sheet-1\">\n        <h2 class=\"u-text u-text-1\">Apprentissage de vie<\/h2>\n        <p class=\"u-align-left u-text u-text-default u-text-2\">Je m\u2019appelle Henri et j\u2019ai \u00e9t\u00e9 prisonnier pendant +20 ans dans les\nm\u00e9andres boueuses de la convoitise et de la luxure. Le\nprobl\u00e8me commen\u00e7a \u00e0 cause de mon inattention au danger des tentations que la\nvie nous r\u00e9serve. Ma distraction progressive loin du bon chemin m\u2019emmena l\u00e0 ou\nje ne voulais pas aller, c\u2019est-\u00e0-dire dans une vie double.\nJe me suis mari\u00e9 \u00e0 l\u2019\u00e2ge de 23 ans. Je l\u2019ai fait, certes par amour, mais\naussi afin de fuir une situation familiale en apparence bien mais qui \u00e9tait\ndysfonctionnelle, sans p\u00e8re, avec une m\u00e8re possessive et une s\u0153ur jalouse. Je\npeux dire aujourd\u2019hui que consciemment je pensais savoir ce que je faisais,\nmais au fond de moi je n\u2019\u00e9tais pas pr\u00eat \u00e0 affronter la r\u00e9alit\u00e9 du mariage avec\nses difficult\u00e9s particuli\u00e8res. Mon p\u00e8re est mort jeune, \u00e0 l\u2019\u00e2ge de 47 ans, dans\ndes circonstances myst\u00e9rieuses dont personne n\u2019a jamais voulu en parler\nclairement avec moi jusqu\u2019\u00e0 aujourd\u2019hui. Du haut de mes 7 ans, je n\u2019ai rien\ncompris lorsque les membres de ma famille m\u2019ont dit qu\u2019il \u00e9tait parti en\nvoyage. Ne le voyant pas revenir, j\u2019ai demand\u00e9 o\u00f9 il \u00e9tait et c\u2019est l\u00e0 qu\u2019ils\nm\u2019ont amen\u00e9 au cimeti\u00e8re devant sa tombe, pour me mettre devant le fait\naccompli de sa mort et de son ensevelissement 2 m\u00e8tres sous terre. Bien que je\nne m\u2019en souvienne pas, ma m\u00e8re m\u2019a rapport\u00e9 plus tard que pendant des mois,\nafin d\u2019encaisser le coup et de faire mon deuil, je n\u2019ai parl\u00e9 \u00e0 personne. En\nm\u00eame temps qu\u2019on me disait qu\u2019un homme \u00e7a ne pleure pas&nbsp;; trouvez\nl\u2019erreur&nbsp;! \nPremier gros brisement dans ma vie, une perte de confiance et une\nterrible s\u00e9paration de mon cher papa qui m\u2019aimait et moi aussi. Je n\u2019ai que de\nbons souvenirs de mon p\u00e8re qui \u00e9tait tr\u00e8s attentionn\u00e9 et affectueux envers moi.<br>Apr\u00e8s sa mort, j\u2019ai pass\u00e9 mon enfance de mani\u00e8re apparemment normale, mais au\nfond de moi, quelque chose s\u2019\u00e9tait bris\u00e9e&nbsp;et cela allait amener ses\ncons\u00e9quences comme nous allons le voir dans l\u2019histoire qui suit. Ma m\u00e8re, qui\nne s\u2019est jamais remari\u00e9e pour ne pas avoir \u00e0 nous imposer un autre homme \u00e0 la\nmaison, commen\u00e7a \u00e0 faire le vide autour d\u2019elle, ce qui contribua \u00e0 d\u00e9velopper\ndes relations superficielles avec les membres de notre famille \u00e9tendue ainsi\nqu\u2019avec les voisins du quartier et ma vie sociale fut r\u00e9duite en solitude. Mes\namis et camarades de classe, mes voisins, tout ce beau petit monde semblait ne\nplus exister qu\u2019\u00e0 distance, influenc\u00e9 que j\u2019\u00e9tais par le retrait de celle qui\nm\u2019avait donn\u00e9 la vie, moi qui \u00e9tais d\u00e9j\u00e0 naturellement sauvage et solitaire.\nC\u2019est au d\u00e9but de ma pubert\u00e9, que ma relation avec ma m\u00e8re commen\u00e7a \u00e0 se\nd\u00e9t\u00e9riorer. Alors que je voulais simplement et normalement m\u2019\u00e9manciper et\nm\u2019affirmer comme jeune homme, j\u2019ai commenc\u00e9 \u00e0 lui tenir t\u00eate lorsqu\u2019elle me\ndisait de me soumettre \u00e0 ses ordres et que je n\u2019avais pas \u00e0 remettre en\nquestion son autorit\u00e9. A cette \u00e9poque-l\u00e0, j\u2019ai commenc\u00e9 \u00e0 me toucher les\nparties sexuelles par suite de discussions avec un camarade de classe qui me\nvantait les bienfaits de la masturbation. Il y avait aussi ces r\u00e9unions\nimpromptues, dans les escaliers ou dans les caves de l\u2019immeuble ou nous vivions,\nentre gar\u00e7ons et filles qui parlaient de sexe de telle mani\u00e8re que j\u2019en restais\n\u00e9bahi. Des blagues fusaient pendant des heures sur le sujet tr\u00e8s pris\u00e9 d\u2019une\nsexualit\u00e9 d\u00e9brid\u00e9e et grossi\u00e8re. Quelque peu inconfortable, je riais comme les\nautres, tout en me sentant coupable que quelque chose ne tournait pas rond et\nque je ne devais plus retourner \u00e0 \u00e9couter ces sales histoires. Comme si cela\nn\u2019\u00e9tait pas assez en ce qui concerne mon vide \u00e9motionnel et relationnel, je\nn\u2019ai jamais re\u00e7u aucune \u00e9ducation sexuelle, ni de la part de ma m\u00e8re, ni de ma\ns\u0153ur mon ain\u00e9e de neuf ans qui m\u2019a bien parl\u00e9 un peu du sujet de la\nmasturbation qui g\u00eanait ma m\u00e8re de savoir que son fils la pratiquait mais sans\nplus de d\u00e9tails, n\u2019\u00e9tant ni form\u00e9e ni bien plac\u00e9e elle-m\u00eame pour devenir mon\n\u00e9ducatrice dans ce domaine. Le syst\u00e8me scolaire envoyait bien M. le Cur\u00e9 dans\nnos classes mixtes d\u2019\u00e9tudiants, une heure par semaine, et celui-ci nous\nexpliquait en th\u00e9orie ce qu\u2019il n\u2019avait jamais eu l\u2019occasion de pratiquer\nlui-m\u00eame puisque l\u2019\u00e9glise catholique interdit aux pr\u00eatres de se marier.<br>Mon premier mariage aura \u00e9t\u00e9 une suite de luttes et de conflits qui\nauront aboutis par un divorce. Apr\u00e8s 15 ans et 3 enfants, ma femme m\u2019annonce un\nbeau jour qu\u2019elle a rencontr\u00e9 un autre homme lors d\u2019une conf\u00e9rence en\nAngleterre et qu\u2019elle d\u00e9sire me quitter, moi et la Suisse, et prendre avec elle\nnos enfants pour aller refaire sa vie l\u00e0-bas. Deuxi\u00e8me brisement et choc\nextr\u00eamement brutal&nbsp;! Ce fut un traumatisme qui me causa une \u00e9norme\nblessure, avec en&nbsp; sus le chagrin de\ndevoir laisser mes jeunes enfants de 6, 10 et 13 ans partir vivre dans un autre\npays avec leur m\u00e8re. Le sentiment de rejet et d\u2019abandon fut terrible en plus de\nn\u2019avoir de soutien d\u2019aucun pasteur ou dirigeant d\u2019\u00e9glise. Deux amis auront \u00e9t\u00e9\nun peu pr\u00e9sent pour m\u2019accompagner dans mon deuil, car le divorce est bel et\nbien une mort vivante, surtout lorsque l\u2019on doit se r\u00e9signer \u00e0 laisser partir\nses enfants que l\u2019on aime vivre \u00e0 l\u2019\u00e9tranger. Ma femme et moi \u00e9tions bien all\u00e9\nvoir une psychologue qui me conseilla d\u2019\u00e9crire une lettre d\u2019adieu \u00e0 mon p\u00e8re,\nce que je fis et cela me permis de terminer de faire son deuil. Cependant, cela\nne suffit pas \u00e0 remplir le vide affectif qu\u2019il y avait dans mon c\u0153ur. Il faut\ndire que je suis une personne hypersensible et que les bouleversements par\nlesquels la vie m\u2019avait d\u00e9j\u00e0 fait passer jusqu\u2019alors, m\u2019oblig\u00e8rent \u00e0 compenser\nmes manques et nous allons voir comment j\u2019ai fait pour combler le trou b\u00e9ant de\nmon immense besoin affectif, afin de survivre tant bien que mal dans une\nsoci\u00e9t\u00e9 qui \u00e9tait alors devenue plus libertine et permissible que jamais. Je me\nsuis retrouv\u00e9 \u00e0 vivre tout seul, sans femme et sans enfants, dans notre&nbsp; grand appartement d\u00e9garni, car ma femme \u00e9tait\npartie avec la moiti\u00e9 des meubles. Alors que j\u2019\u00e9tais assis sur un des fauteuil\ndu salon qui me restait et que je pleurais abondamment \u00e0 ne plus pouvoir\nrespirer, j\u2019ai cru que j\u2019allais perdre mon souffle tant la douleur \u00e9tait\nintense et mes pleurs abondants. Ce n\u2019est que par la Pr\u00e9sence R\u00e9elle de Dieu qui,\ndans Sa grande bont\u00e9 s\u2019est r\u00e9v\u00e9l\u00e9 \u00e0 moi juste \u00e0 ce moment-l\u00e0, que j\u2019ai pu\nsurmonter cette immense \u00e9preuve sans sombrer dans une d\u00e9pression qui aurait pu\n\u00eatre fatale. De plus, le r\u00e9confort de la Bible, Sa Parole, m\u2019aura aider \u00e0\nsurmonter ma peine et \u00e0 avaler l\u2019am\u00e8re pilule. C\u2019est en lisant le Psaume\n34&nbsp;qui dit au verset 19&nbsp;:&nbsp;L'\u00c9ternel est pr\u00e8s de\nceux qui ont le c\u0153ur bris\u00e9, Et il sauve ceux qui ont l'esprit dans l'abattement, que j\u2019ai trouv\u00e9 la force d\u2019aller de l\u2019avant avec un sens de Sa Pr\u00e9sence\nrenouvel\u00e9e. S\u2019il avait fallu attendre que les&nbsp;\nhommes viennent me consoler de la sorte, j\u2019aurais pu attendre longtemps.\nC\u2019est d\u2019ailleurs depuis ce moment-l\u00e0 que j\u2019ai perdu confiance aux hommes en\ng\u00e9n\u00e9ral et aux pasteurs et leaders d\u2019\u00e9glises en particulier. Les femmes\nn\u2019\u00e9taient pas mieux class\u00e9es car ma m\u00e8re et ma s\u0153ur s\u2019\u00e9taient retourn\u00e9es contre\nmoi et m\u2019avaient rejet\u00e9 dans mon malheur et cela allait contribuer \u00e0 une\nd\u00e9pendance que j\u2019allais commencer \u00e0 d\u00e9velopper peu de temps apr\u00e8s. Je commen\u00e7ais \u00e0 \u00e9crire des po\u00e8mes afin d\u2019exprimer ma peine et ainsi me\ndonner la possibilit\u00e9 de m\u2019offrir la meilleures th\u00e9rapie personnelle possible\nen plus des quelques amiti\u00e9s qui me restaient, car je suis un \u00eatre tr\u00e8s\nsociable et \u00e0 cette \u00e9poque j\u2019avais besoin de la compagnie des autres, surtout des\nfemmes.&nbsp;\n        <\/p>\n      <\/div>\n    <\/section>\n    <section class=\"u-align-center u-clearfix u-custom-color-5 u-section-4\" id=\"carousel_39f8\">\n      <div class=\"u-clearfix u-sheet u-sheet-1\">\n        <h2 class=\"u-text u-text-1\"><b>Vers la\nmaturit\u00e9<\/b>\n        <\/h2>\n        <p class=\"u-align-left u-text u-text-default u-text-2\">Nous nous trouvons au tournant du 21\u00e8me si\u00e8cle et internet continue\nsa forte pouss\u00e9e&nbsp;; tout s\u2019acc\u00e9l\u00e8re et permet de communiquer avec la\nplan\u00e8te enti\u00e8re en quelques secondes et cela 24\/24H. Cependant, le mauvais c\u00f4t\u00e9\nde cette avanc\u00e9e technologique n\u2019allait pas tarder \u00e0 se manifester dans ma vie. J\u2019habite seul dans un petit appartement mansard\u00e9 et travaille comme\nind\u00e9pendant. Cependant, la vie et les affaires sont dures et risqu\u00e9es et\nbient\u00f4t l\u2019argent me fait d\u00e9faut. Je me retrouve aux poursuites et en peu de\ntemps, je perds mes franchises et dois d\u00e9clarer une faillite personnelle. Quelle\nd\u00e9ception de constater que je ne suis pas si bon en affaires et qu\u2019il faut\nrecommencer \u00e0 z\u00e9ro. Mes enfants me manquent et je dois\nrem\u00e9dier \u00e0 ma solitude, c\u2019est pourquoi je commence \u00e0 fr\u00e9quenter des femmes, des\namies dont j\u2019en fais des amantes car, le commentaire de l\u2019une d\u2019entre elles sur\nma foi&nbsp;: \u00ab&nbsp;on dirait un petit moine l\u00e0-haut sur sa montagne&nbsp;\u00bb me\nlaisse perplexe quant \u00e0 mon identit\u00e9 d\u2019homme. Ne suis-je donc pas un \u00eatre sexu\u00e9\net n\u2019ai-je pas le droit d\u2019avoir une femme&nbsp;? Je commence \u00e0 penser \u00e0 me\nremarier, mais avec laquelle&nbsp;? Pendant 5 ans, j\u2019en fr\u00e9quente 5 dont 3 me\nquittent par ennui ou je ne sais quoi et je laisse tomber les autres parce\nqu\u2019elles ne repr\u00e9sentent peut-\u00eatre pas ce que je recherche vraiment chez une\nfemme. En fait, qu\u2019est-ce que je cherche&nbsp;? La d\u00e9ception de mon premier\nmariage m\u2019a laiss\u00e9 pantois, d\u00e9\u00e7u et triste et comme je n\u2019ai pas pu ou su vivre\nune vie de famille heureuse, ce qui m\u2019int\u00e9resse plut\u00f4t, c\u2019est la distraction et\nun bonheur \u00e9ph\u00e9m\u00e8re qui pourvoit \u00e0 mon besoin sexuel du moment sans plus. Je commence \u00e0 visionner des cassettes vid\u00e9o lou\u00e9es dans un magasin du\ncoin. Je le fais avec un sentiment bizarre qui me dit que je ne devrais pas,\ncar apr\u00e8s tout, je suis chr\u00e9tien. Je le fais quand m\u00eame, car ma solitude, la\ncuriosit\u00e9, et surtout la nouvelle offre est all\u00e9chante&nbsp;; elle me permet de\nvoir des femmes nues qui montrent leurs g\u00e9n\u00e9reuses formes f\u00e9minines ou d\u2019autres\nqui font l\u2019amour avec des inconnus qu\u2019elles ne connaissent pas, un peu comme\nmoi avec mes amies et d\u2019autres femmes que je paie afin de pimenter un peu le\ntout, car le cercle vicieux est vite referm\u00e9 lorsque l\u2019on vit avec de grosses\nblessures affectives acquises au fil des ann\u00e9es et qu\u2019on ne sait plus vraiment\nqui on est. J\u2019ai des dettes et cela me stress&nbsp;; le montant\ns\u2019\u00e9l\u00e8ve \u00e0 des dizaines de milliers de francs et la peur au ventre et la\nd\u00e9prime, me font sombrer un peu plus dans une d\u00e9pendance dont je ne me rends\nm\u00eame pas compte tant elle me fait du bien et me permet ainsi de compenser, de\nmani\u00e8re illusoire, mon manque \u00e0 gagner et d\u2019oublier les al\u00e9as de la vie qui\ncontinue.<br>\n          <br>En fait, de quelle d\u00e9pendance s\u2019agissait-il&nbsp;? On peut dire que\nj\u2019\u00e9tais sain de corps et d\u2019esprit, jusqu\u2019au jour o\u00f9 je me suis laiss\u00e9 prendre\nau pi\u00e8ge. Lentement et sournoisement, l\u2019habitude commen\u00e7a \u00e0 devenir toujours\nplus pressante jusqu\u2019\u00e0 devenir m\u00eame n\u00e9cessaire pour mon bien \u00eatre tant\npsychique que physique. Pour moi qui n\u2019avais jamais connu aucune addiction, me\nvoil\u00e0 bien pris au pi\u00e8ge par l\u2019une d\u2019elle. Ma pens\u00e9e \u00e9tait simple et\nraisonnable. Cela ne fait pas de mal, pensais-je, bien au contraire, lorsque je\nme sens seul, abandonn\u00e9, triste ou en col\u00e8re, voil\u00e0 une soupape de ventilation,\nune porte de sortie pour \u00e9viter le pire, c\u2019est-\u00e0-dire devoir faire face \u00e0 une\nr\u00e9alit\u00e9 qui m\u2019offusque et me d\u00e9prime&nbsp;; le rejet et l\u2019abandon des autres dont\nj\u2019ai tellement besoin.\nPendant toute cette p\u00e9riode, je suis all\u00e9 voir des\nth\u00e9rapeutes en vue d\u2019une relation d\u2019aide chr\u00e9tienne pour me sortir de la\ntristesse et la d\u00e9prime. Je fus d\u00e9livr\u00e9 un jour, d\u2019une sale habitude acquise\nplusieurs ann\u00e9es auparavant, d\u2019aller voir des filles de joie. Je me souviens de\nmani\u00e8re tr\u00e8s vivide lors de la pri\u00e8re, la th\u00e9rapeute fit cette pri\u00e8re \u00e0\nDieu&nbsp;: \u00ab&nbsp;Seigneur lib\u00e8re Olivier de son d\u00e9sir de vouloir tuer la\nf\u00e9minit\u00e9 de ces femmes&nbsp;\u00bb. Je me mettais \u00e0 pleurer en pensant et en disant\nque cela n\u2019\u00e9tait pas du tout mon intention, bien au contraire. Je ne pouvais\ncependant pas me d\u00e9fendre devant les faits qui m\u2019accusaient ouvertement. En\neffet, selon mon historique, mon amour pour la femme \u00e9tait devenu amer et\nj\u2019avais transf\u00e9r\u00e9 la haine pour ma m\u00e8re, que je d\u00e9testais, en faux amour pour\nles femmes en g\u00e9n\u00e9ral et pour les filles de joie en particulier. Je pouvais\nutiliser celles-ci comme bon me semblait sans engagement et surtout sans \u00e9tats\nd\u2019\u00e2mes. Mes larmes furent un catalyseur (catharsis) pour ma gu\u00e9rison, car \u00e0\npartir de ce jour-l\u00e0, sauf pour une seule rechute, je ne suis plus jamais\nretourn\u00e9 voir ce genre de femme. Je n\u2019ai m\u00eame pas eu de tentation de retourner\nles voir car, non seulement j\u2019avais \u00e9t\u00e9 touch\u00e9 et profond\u00e9ment gu\u00e9ri par la\npri\u00e8re, mais j\u2019avais aussi pris la ferme r\u00e9solution d\u2019\u00eatre un homme bien et\nsurtout libre de ce genre d\u2019activit\u00e9 malsaine. Ma relation avec une petite\namie, qui serait la derni\u00e8re avant mon remariage quelques ann\u00e9es plus tard, se\ntermina cette m\u00eame ann\u00e9e et je me sentais plus seul que jamais.<br>Apr\u00e8s cela, je r\u00e9sonnais en moi-m\u00eame en me disant qu\u2019il me restait une\nderni\u00e8re chance de combler ma solitude sans les risques que comportent la\nrelation avec une femme. Je pensais que la masturbation pourrait compenser mon\nvide \u00e9motionnel et relationnel. Mon raisonnement logique fit que je m\u2019engageais\npetit \u00e0 petit et de plus en plus dans un monde imaginaire que je voulais sans\nheurt, ni peur, ni frayeur, le monde fantasmagorique de la pornographie.\nJ\u2019\u00e9tais loin de m\u2019imaginer que de prendre cette voie-l\u00e0 allait me couter la\nperte d\u2019un travail future et un autre mariage.\n        <\/p>\n      <\/div>\n    <\/section>\n    <section class=\"u-align-center u-clearfix u-palette-3-base u-section-5\" id=\"carousel_83a3\">\n      <div class=\"u-clearfix u-sheet u-sheet-1\">\n        <h2 class=\"u-text u-text-1\"><b>Gu\u00e9rison et Libert\u00e9<\/b>&nbsp;&nbsp;<br>\n        <\/h2>\n        <p class=\"u-align-left u-text u-text-default u-text-2\">Nous sommes en 2018 et je fais partie d\u2019un groupe d\u2019hommes chr\u00e9tiens qui\nse rassemblent chaque semaine pour partager, sans jugement et dans la\ntransparence, leur probl\u00e8me de d\u00e9pendance sexuelle. J\u2019ai appris qu\u2019une th\u00e9rapie\nde groupe est vitale pour la confession et la pri\u00e8re dont le but est la\ngu\u00e9rison selon Jacques 5:16. Il s\u2019agit aussi de comprendre le secret de\nla redevabilit\u00e9, car la d\u00e9pendance est tenace et se tient cach\u00e9e dans l\u2019ombre.\nD\u00e8s qu\u2019elle est mise en lumi\u00e8re, sa force diminue et la personne d\u00e9pendante se\nsent moins seul et peut commencer \u00e0 s\u2019ouvrir et \u00e0 partager&nbsp;; la\nculpabilit\u00e9 et la honte commencent \u00e0 se dissiper. Je d\u00e9sire ardemment sortir de\nl\u2019engrenage malsain et suis pr\u00eat \u00e0 tout pour r\u00e9ussir. Les \u00e9changes me font du\nbien car finalement je peux parler avec d\u2019autres hommes qui ont le m\u00eame\nprobl\u00e8me que moi, qui m\u2019\u00e9coutent et m\u2019encouragent. C'est avec ce groupe de partage que je commence \u00e0 sortir des t\u00e9n\u00e8bres, et que commence v\u00e9ritablement mon chemin de gu\u00e9rison.<br>\n          <br>Lors d\u2019un de ces \u00e9changes hebdomadaire,\nj\u2019entends parler d\u2019un cours pour bien comprendre les raisons\nprofondes de mon \u00e9tat et vraiment entrer dans la libert\u00e9, tout en continuant\nles rencontres hebdomadaires. Le cours consiste en une s\u00e9rie de vid\u00e9os pr\u00e9sent\u00e9es par un coach, ainsi que d\u2019un\ncahier d\u2019exercices. L\u2019accompagnant encourage d\u00e8s le d\u00e9part les participants \u00e0\n\u00eatre vrais et honn\u00eates et \u00e0 s\u2019engager totalement en exer\u00e7ant le courage\nn\u00e9cessaire de faire face au probl\u00e8me de fond, quel qu\u2019il soit. Je n\u2019ai rien \u00e0\nperdre et d\u00e9bute le cours avec assiduit\u00e9 et le poursuis pendant toute la\np\u00e9riode indiqu\u00e9e. C\u2019est dur, car je revis tous les \u00e9pisodes difficiles de ma\nvie, de mon enfance et de ma vie adulte et cela fait tout ressortir au grand\njour. Petit \u00e0 petit, je peux mettre le doigt sur tout ce qui ne va pas chez\nmoi, principalement un manque total d\u2019amour inconditionnel dont j\u2019avais eu tant\nbesoin jusqu\u2019alors. J\u2019accepte de me laisser conduire dans une nouvelle vie dont\ncet amour est la cl\u00e9. &nbsp;Toujours avec\nl\u2019aide de l\u2019accompagnant, je suis dirig\u00e9 et enseign\u00e9 concernant cet amour\ntellement diff\u00e9rent de tous ceux que j\u2019avais exp\u00e9rimenter jusqu\u2019alors.\nJ\u2019apprends aussi la combinaison gagnante ou les trois \u00e9l\u00e9ments vitaux pour\nsortir de la prison&nbsp;:<br>&nbsp; &nbsp;1. La confession (pour me sortir de la\nsolitude, de la honte et de la culpabilit\u00e9).<br>&nbsp; &nbsp;2. La redevabilit\u00e9 (pour me responsabiliser\nface aux autres).<br>&nbsp; &nbsp;3. L\u2019amour inconditionnel (pour \u00eatre accept\u00e9 comme je suis et ainsi vivre et exprimer le vrai amour selon le plan originel).<br>\n          <br>Une \u00e0 une les barri\u00e8res tombent et mes blessures gu\u00e9rissent peu \u00e0 peu. L\u2019abandon,\nle rejet, la perte de repaire identitaire, la haine, la col\u00e8re, la frustration,\nl\u2019amertume, tout disparait peu \u00e0 peu, alors que je chemine encore plusieurs\nmois apr\u00e8s le cours vers une libert\u00e9 qui aura \u00e9t\u00e9 ch\u00e8rement gagn\u00e9e mais qui en a\nvalu la peine. Mon mariage actuel est en voie de gu\u00e9rison et nous allons\npouvoir repartir sur de nouvelles bases avec ma femme qui, bien qu\u2019il lui ait beaucoup\ncout\u00e9 d\u2019accepter une profonde d\u00e9ception de ma part, me soutient comme elle peut\navec l\u2019aide de Dieu. Je suis tr\u00e8s reconnaissant pour cette nouvelle vie qui\ns\u2019ouvre devant nous. Je prends l\u2019enti\u00e8re responsabilit\u00e9 de tous mes actes\npass\u00e9s, remercie ces hommes qui m\u2019auront aid\u00e9 \u00e0 sortir de l\u2019ombre, \u00e0 me\nresponsabiliser, et \u00e0 marcher en nouveaut\u00e9 de vie. Je donne toute la gloire \u00e0 Dieu pour ma vie\npr\u00e9sente et me r\u00e9jouis de ma vie future. Je ne pourrais pas\nretourner en arri\u00e8re car la vie et la libert\u00e9 sont incomparables. Parfois, je\nme demande comment j\u2019ai pu vivre sans elles, comme \u00e0 l\u2019\u00e9poque avant ma\nlib\u00e9ration o\u00f9 je m\u2019\u00e9tais r\u00e9sign\u00e9 \u00e0 mon sort et pensais tout le contraire.<br>Derni\u00e8rement\nma femme et moi avons suivi un cours de 3 mois qui s\u2019intitule \u2018Mari\u00e9s pour la\nvie\u2019 ou 2=1, qui fut cr\u00e9\u00e9 aux Etats-Unis pour aider les couples \u00e0 non seulement\nsurmonter leurs difficult\u00e9s, mais \u00e0 comprendre le but supr\u00eame de la famille et\n\u00e0 atteindre ainsi la maturit\u00e9 n\u00e9cessaire et la vision que le mariage est une\nalliance \u00e9ternelle cr\u00e9\u00e9 par Dieu et qu\u2019Il est capable de nous sortir de\nn\u2019importe quelle situation difficile. Nous esp\u00e9rons pouvoir ainsi \u00eatre un\nexemple et aider d\u2019autres tout comme nous avons \u00e9t\u00e9 aid\u00e9s.<br>\n          <br>Aujourd\u2019hui, moi Henri, je confesse \u00eatre libre de toute d\u00e9pendance et\ntellement heureux de l\u2019\u00eatre. Je puis dire que je suis libre comme l\u2019air que je\nrespire, libre d\u2019aimer en v\u00e9rit\u00e9 tous ceux que je rencontre en toute puret\u00e9.\n        <\/p>\n      <\/div>\n    <\/section>\n    \n    \n  \n","protected":false},"excerpt":{"rendered":"<p>De la prison \u00e0 la libert\u00e9 Ci-dessous, le t\u00e9moignage d&rsquo;un captif de la pornographie vers la libert\u00e9&#8230; pour t&rsquo;encourager ! Apprentissage de vie Je m\u2019appelle Henri et j\u2019ai \u00e9t\u00e9 prisonnier pendant +20 ans dans les m\u00e9andres boueuses de la convoitise et de la luxure. Le probl\u00e8me commen\u00e7a \u00e0 cause de mon inattention au danger des &hellip; <a href=\"https:\/\/leszomslibres.ch\/index.php\/temoignage\/\" class=\"more-link\">Continue reading<span class=\"screen-reader-text\"> \u00ab\u00a0T\u00e9moignage\u00a0\u00bb<\/span><\/a><\/p>\n","protected":false},"author":1,"featured_media":0,"parent":0,"menu_order":0,"comment_status":"closed","ping_status":"closed","template":"","meta":{"footnotes":""},"class_list":["post-106","page","type-page","status-publish","hentry"],"_links":{"self":[{"href":"https:\/\/leszomslibres.ch\/index.php\/wp-json\/wp\/v2\/pages\/106","targetHints":{"allow":["GET"]}}],"collection":[{"href":"https:\/\/leszomslibres.ch\/index.php\/wp-json\/wp\/v2\/pages"}],"about":[{"href":"https:\/\/leszomslibres.ch\/index.php\/wp-json\/wp\/v2\/types\/page"}],"author":[{"embeddable":true,"href":"https:\/\/leszomslibres.ch\/index.php\/wp-json\/wp\/v2\/users\/1"}],"replies":[{"embeddable":true,"href":"https:\/\/leszomslibres.ch\/index.php\/wp-json\/wp\/v2\/comments?post=106"}],"version-history":[{"count":5,"href":"https:\/\/leszomslibres.ch\/index.php\/wp-json\/wp\/v2\/pages\/106\/revisions"}],"predecessor-version":[{"id":124,"href":"https:\/\/leszomslibres.ch\/index.php\/wp-json\/wp\/v2\/pages\/106\/revisions\/124"}],"wp:attachment":[{"href":"https:\/\/leszomslibres.ch\/index.php\/wp-json\/wp\/v2\/media?parent=106"}],"curies":[{"name":"wp","href":"https:\/\/api.w.org\/{rel}","templated":true}]}}